{"id":271,"date":"2025-03-06T10:22:03","date_gmt":"2025-03-06T09:22:03","guid":{"rendered":"https:\/\/uttcmattsee7.wordpress.com\/?page_id=271"},"modified":"2025-03-14T11:37:39","modified_gmt":"2025-03-14T10:37:39","slug":"loegl","status":"publish","type":"page","link":"https:\/\/www.uttc-mattsee.at\/wp2\/sponsoren\/loegl\/","title":{"rendered":"Wir bedanken uns bei"},"content":{"rendered":"\n<div class=\"wp-block-columns alignwide are-vertically-aligned-center is-layout-flex wp-container-core-columns-is-layout-47c06fe3 wp-block-columns-is-layout-flex\">\n<div class=\"wp-block-column is-vertically-aligned-center is-layout-flow wp-block-column-is-layout-flow\" style=\"flex-basis:50%\">\n<figure class=\"wp-block-image size-full\"><img loading=\"lazy\" decoding=\"async\" width=\"963\" height=\"427\" src=\"https:\/\/www.uttc-mattsee.at\/wp2\/wp-content\/uploads\/2025\/03\/Logo_Loegl.png\" alt=\"\" class=\"wp-image-1669\" srcset=\"https:\/\/www.uttc-mattsee.at\/wp2\/wp-content\/uploads\/2025\/03\/Logo_Loegl.png 963w, https:\/\/www.uttc-mattsee.at\/wp2\/wp-content\/uploads\/2025\/03\/Logo_Loegl-300x133.png 300w, https:\/\/www.uttc-mattsee.at\/wp2\/wp-content\/uploads\/2025\/03\/Logo_Loegl-768x341.png 768w\" sizes=\"auto, (max-width: 963px) 100vw, 963px\" \/><\/figure>\n\n\n\n<div class=\"wp-block-group has-global-padding is-layout-constrained wp-block-group-is-layout-constrained\">\n<p><strong>L\u00f6gl Haushaltswaren &amp; K\u00fcchenger\u00e4te<\/strong><\/p>\n<\/div>\n\n\n\n<ul style=\"line-height:1.75\" class=\"wp-block-list is-style-checkmark-list\">\n<li>Passauer Stra\u00dfe 6 | 5163 Mattsee<\/li>\n\n\n\n<li>Tel. Nr. +43 (6217) 202 86<\/li>\n\n\n\n<li>Mail: <a href=\"mailto:loegl@sbg.at\">loegl@sbg.at<\/a><\/li>\n\n\n\n<li>Web: <a href=\"https:\/\/www.mitterhof.at\/\" target=\"_blank\" rel=\"noreferrer noopener\">https:\/\/www.loegl.at\/<\/a><\/li>\n<\/ul>\n\n\n\n<div class=\"wp-block-buttons is-layout-flex wp-block-buttons-is-layout-flex\">\n<div class=\"wp-block-button\"><a class=\"wp-block-button__link wp-element-button\" href=\"https:\/\/www.loegl.at\/\" target=\"_blank\" rel=\"noreferrer noopener\">Website<\/a><\/div>\n\n\n\n<div class=\"wp-block-button is-style-outline is-style-outline--1\"><a class=\"wp-block-button__link wp-element-button\" href=\"mailto:loegl@sbg.at\" target=\"_blank\" rel=\"noreferrer noopener\">E-Mail<\/a><\/div>\n<\/div>\n<\/div>\n\n\n\n<div class=\"wp-block-column is-vertically-aligned-center is-layout-flow wp-block-column-is-layout-flow\" style=\"flex-basis:50%\">\n<div class=\"wp-block-group has-global-padding is-layout-constrained wp-block-group-is-layout-constrained\"><p><iframe src=\"https:\/\/www.google.com\/maps\/embed?pb=!1m18!1m12!1m3!1d2671.205422717226!2d13.09902068629634!3d47.97108728855678!2m3!1f0!2f0!3f0!3m2!1i1024!2i768!4f13.1!3m3!1m2!1s0x4774278b1f8311c1%3A0xf18fc6bb035cf22a!2zTMO2Z2wgSGF1cyAmIEvDvGNoZW5nZXLDpHRl!5e0!3m2!1sde!2sat!4v1741948644357!5m2!1sde!2sat\" width=\"400\" height=\"300\" style=\"border:0;\" allowfullscreen=\"\" loading=\"lazy\" referrerpolicy=\"no-referrer-when-downgrade\"><\/iframe><\/p>\n<\/div>\n<\/div>\n<\/div>\n\n\n\n<p><\/p>\n","protected":false},"excerpt":{"rendered":"<p>L\u00f6gl Haushaltswaren &amp; K\u00fcchenger\u00e4te<\/p>\n","protected":false},"author":1,"featured_media":0,"parent":1328,"menu_order":5,"comment_status":"closed","ping_status":"closed","template":"","meta":{"footnotes":""},"class_list":["post-271","page","type-page","status-publish","hentry"],"_links":{"self":[{"href":"https:\/\/www.uttc-mattsee.at\/wp2\/wp-json\/wp\/v2\/pages\/271","targetHints":{"allow":["GET"]}}],"collection":[{"href":"https:\/\/www.uttc-mattsee.at\/wp2\/wp-json\/wp\/v2\/pages"}],"about":[{"href":"https:\/\/www.uttc-mattsee.at\/wp2\/wp-json\/wp\/v2\/types\/page"}],"author":[{"embeddable":true,"href":"https:\/\/www.uttc-mattsee.at\/wp2\/wp-json\/wp\/v2\/users\/1"}],"replies":[{"embeddable":true,"href":"https:\/\/www.uttc-mattsee.at\/wp2\/wp-json\/wp\/v2\/comments?post=271"}],"version-history":[{"count":2,"href":"https:\/\/www.uttc-mattsee.at\/wp2\/wp-json\/wp\/v2\/pages\/271\/revisions"}],"predecessor-version":[{"id":1682,"href":"https:\/\/www.uttc-mattsee.at\/wp2\/wp-json\/wp\/v2\/pages\/271\/revisions\/1682"}],"up":[{"embeddable":true,"href":"https:\/\/www.uttc-mattsee.at\/wp2\/wp-json\/wp\/v2\/pages\/1328"}],"wp:attachment":[{"href":"https:\/\/www.uttc-mattsee.at\/wp2\/wp-json\/wp\/v2\/media?parent=271"}],"curies":[{"name":"wp","href":"https:\/\/api.w.org\/{rel}","templated":true}]}}