{"id":823,"date":"2025-03-09T11:15:01","date_gmt":"2025-03-09T10:15:01","guid":{"rendered":"https:\/\/uttcmattsee7.wordpress.com\/?page_id=823"},"modified":"2025-09-02T13:08:10","modified_gmt":"2025-09-02T11:08:10","slug":"chronik","status":"publish","type":"page","link":"https:\/\/www.uttc-mattsee.at\/wp2\/verein\/chronik\/","title":{"rendered":"Vereinsgeschichte"},"content":{"rendered":"\n<div style=\"height:2px\" aria-hidden=\"true\" class=\"wp-block-spacer\"><\/div>\n\n\n\n<div class=\"wp-block-group alignfull has-global-padding is-content-justification-center is-layout-constrained wp-container-core-group-is-layout-888b3e69 wp-block-group-is-layout-constrained\" style=\"margin-top:0;margin-bottom:0;padding-top:calc( 0.5 * var(u002du002dwpu002du002dstyleu002du002drootu002du002dpadding-right, var(u002du002dwpu002du002dcustomu002du002dgapu002du002dhorizontal)));padding-right:var(u002du002dwpu002du002dstyleu002du002drootu002du002dpadding-right, var(u002du002dwpu002du002dcustomu002du002dgapu002du002dhorizontal));padding-bottom:calc( 0.5 * var(u002du002dwpu002du002dstyleu002du002drootu002du002dpadding-right, var(u002du002dwpu002du002dcustomu002du002dgapu002du002dhorizontal)));padding-left:var(u002du002dwpu002du002dstyleu002du002drootu002du002dpadding-left, var(u002du002dwpu002du002dcustomu002du002dgapu002du002dhorizontal))\">\n<div class=\"wp-block-group alignfull has-global-padding is-content-justification-center is-layout-constrained wp-container-core-group-is-layout-888b3e69 wp-block-group-is-layout-constrained\" style=\"margin-top:0;margin-bottom:0;padding-top:calc( 0.5 * var(u002du002dwpu002du002dstyleu002du002drootu002du002dpadding-right, var(u002du002dwpu002du002dcustomu002du002dgapu002du002dhorizontal)));padding-right:var(u002du002dwpu002du002dstyleu002du002drootu002du002dpadding-right, var(u002du002dwpu002du002dcustomu002du002dgapu002du002dhorizontal));padding-bottom:calc( 0.5 * var(u002du002dwpu002du002dstyleu002du002drootu002du002dpadding-right, var(u002du002dwpu002du002dcustomu002du002dgapu002du002dhorizontal)));padding-left:var(u002du002dwpu002du002dstyleu002du002drootu002du002dpadding-left, var(u002du002dwpu002du002dcustomu002du002dgapu002du002dhorizontal))\">\n<div class=\"wp-block-group alignwide has-global-padding is-layout-constrained wp-block-group-is-layout-constrained\">\n<div class=\"wp-block-columns alignfull is-layout-flex wp-container-core-columns-is-layout-177c5785 wp-block-columns-is-layout-flex\" style=\"padding-right:0;padding-left:0\">\n<div class=\"wp-block-column is-layout-flow wp-container-core-column-is-layout-1a0eff7f wp-block-column-is-layout-flow\" style=\"flex-basis:100%\">\n<h4 class=\"wp-block-heading has-roboto-font-family\"><strong>Professionalisierung &amp; neue Generationen (2020er Jahre)<\/strong><\/h4>\n\n\n\n<p><em>Der Verein entwickelte sich kontinuierlich weiter und setzt dabei auf bew\u00e4hrte Kr\u00e4fte und engagierte Unterst\u00fctzung. <\/em><\/p>\n\n\n\n<p>Peter Fenz bleibt weiterhin als Obmann im Amt und sorgt f\u00fcr Stabilit\u00e4t in der Vereinsf\u00fchrung. <br>Die sportliche Leitung liegt in den H\u00e4nden von Manfred Christl, der mit seiner Erfahrung wichtige Impulse setzt. <br>Im Nachwuchsbereich \u00fcbernehmen Gerhard Hackl und Michael Sattler die Koordination, w\u00e4hrend sich die Betreuung der jungen Talente auf ein engagiertes Team st\u00fctzt: Gerhard Hackl, Michael Sattler, Matthias Hemetsberger und Sebastian Ehgartner k\u00fcmmern sich mit viel Einsatz um die n\u00e4chste Generation.<\/p>\n\n\n\n<h4 class=\"wp-block-heading has-roboto-font-family\"><strong>Nachwuchsarbeit &amp; Breitenentwicklung (2010er Jahre)<\/strong><\/h4>\n\n\n\n<p>Mit dem Aufschwung im Nachwuchsbereich \u00fcbernahm Marcus Banse zunehmend Verantwortung in der sportlichen Leitung \u2013 insbesondere im Nachwuchstraining und in der Betreuung junger Talente.<\/p>\n\n\n\n<h4 class=\"wp-block-heading has-roboto-font-family\"><strong>Eigenst\u00e4ndigkeit &amp; sportlicher Aufschwung (ab 2002)<\/strong><\/h4>\n\n\n\n<p><em>Im Zuge der Neuorganisation des USC Mattsee wurde 2002 der eigenst\u00e4ndige Verein UTTC Mattsee gegr\u00fcndet. <\/em><\/p>\n\n\n\n<p>Peter Fenz \u00fcbernahm die Funktion des Obmanns und f\u00fchrte den Verein in eine neue \u00c4ra. <br>Die sportliche Leitung lag weiterhin bei Manfred Christl, der \u00fcber unz\u00e4hlige Jahre hinweg als Trainer, Mentor und sportlicher Koordinator wirkte.<\/p>\n\n\n\n<h4 class=\"wp-block-heading has-roboto-font-family\"><strong>Neubeginn &amp; Aufbau (1984 &#8211; 2001)<\/strong><\/h4>\n\n\n\n<p><em>1984 wurde der Meisterschaftsbetrieb wieder aufgenommen \u2013 unter dem neuen Sektionsleiter Manfred Christl und Obmann Josef Fuchs. <\/em><\/p>\n\n\n\n<p class=\"has-medium-font-size\">In dieser Phase wurden zahlreiche Anschaffungen get\u00e4tigt, das Training professionalisiert und die Nachwuchsarbeit intensiviert. <br>Die Volksschulturnhalle wurde 1993 zur neuen Spielst\u00e4tte.<\/p>\n\n\n\n<p class=\"has-medium-font-size\"><em>Ein besonderer Meilenstein war die schulische Verankerung des Tischtennissports.<\/em><\/p>\n\n\n\n<p class=\"has-medium-font-size\">Manfred Christl, selbst Hauptschullehrer an der Hauptschule Mattsee, organisierte \u00fcber Jahrzehnte das Wahlfach Tischtennis.<br>Durch sein Engagement fanden zahlreiche Sch\u00fcler*innen den Weg zum Verein \u2013 viele von ihnen wurden sp\u00e4ter zu Leistungstr\u00e4gern, <br>Trainer*innen oder langj\u00e4hrigen Mitgliedern.<\/p>\n\n\n\n<h4 class=\"wp-block-heading has-roboto-font-family\"><strong>Gr\u00fcndung &amp; Anf\u00e4nge (1976 &#8211; 1984)<\/strong><\/h4>\n\n\n\n<p><em>Im Fr\u00fchjahr 1976 wurde die Tischtennissektion des USC Mattsee gegr\u00fcndet.<\/em><\/p>\n\n\n\n<p>Unter dem ersten Sektionsleiter Arnold Kuel begann der Trainingsbetrieb auf vier Leihtischen in der Hauptschulturnhalle. <br>Nach dessen tragischem Tod im April 1977 \u00fcbernahm Josef Fuchs die Leitung. <br>Er pr\u00e4gte den Verein \u00fcber Jahrzehnte hinweg \u2013 als Trainer, Organisator und sp\u00e4ter auch als Obmann.<\/p>\n<\/div>\n<\/div>\n<\/div>\n<\/div>\n<\/div>\n","protected":false},"excerpt":{"rendered":"<p>Professionalisierung &amp; neue Generationen (2020er Jahre) Der Verein entwickelte sich kontinuierlich weiter und setzt dabei auf bew\u00e4hrte Kr\u00e4fte und engagierte Unterst\u00fctzung. Peter Fenz bleibt weiterhin als Obmann im Amt und sorgt f\u00fcr Stabilit\u00e4t in der Vereinsf\u00fchrung. Die sportliche Leitung liegt in den H\u00e4nden von Manfred Christl, der mit seiner Erfahrung wichtige Impulse setzt. Im Nachwuchsbereich [&hellip;]<\/p>\n","protected":false},"author":1,"featured_media":0,"parent":1324,"menu_order":3,"comment_status":"closed","ping_status":"closed","template":"","meta":{"footnotes":""},"class_list":["post-823","page","type-page","status-publish","hentry"],"_links":{"self":[{"href":"https:\/\/www.uttc-mattsee.at\/wp2\/wp-json\/wp\/v2\/pages\/823","targetHints":{"allow":["GET"]}}],"collection":[{"href":"https:\/\/www.uttc-mattsee.at\/wp2\/wp-json\/wp\/v2\/pages"}],"about":[{"href":"https:\/\/www.uttc-mattsee.at\/wp2\/wp-json\/wp\/v2\/types\/page"}],"author":[{"embeddable":true,"href":"https:\/\/www.uttc-mattsee.at\/wp2\/wp-json\/wp\/v2\/users\/1"}],"replies":[{"embeddable":true,"href":"https:\/\/www.uttc-mattsee.at\/wp2\/wp-json\/wp\/v2\/comments?post=823"}],"version-history":[{"count":77,"href":"https:\/\/www.uttc-mattsee.at\/wp2\/wp-json\/wp\/v2\/pages\/823\/revisions"}],"predecessor-version":[{"id":4627,"href":"https:\/\/www.uttc-mattsee.at\/wp2\/wp-json\/wp\/v2\/pages\/823\/revisions\/4627"}],"up":[{"embeddable":true,"href":"https:\/\/www.uttc-mattsee.at\/wp2\/wp-json\/wp\/v2\/pages\/1324"}],"wp:attachment":[{"href":"https:\/\/www.uttc-mattsee.at\/wp2\/wp-json\/wp\/v2\/media?parent=823"}],"curies":[{"name":"wp","href":"https:\/\/api.w.org\/{rel}","templated":true}]}}