{"id":949,"date":"2025-03-09T17:00:40","date_gmt":"2025-03-09T16:00:40","guid":{"rendered":"https:\/\/uttcmattsee7.wordpress.com\/?page_id=949"},"modified":"2025-09-02T10:24:36","modified_gmt":"2025-09-02T08:24:36","slug":"datenschutz","status":"publish","type":"page","link":"https:\/\/www.uttc-mattsee.at\/wp2\/datenschutz\/","title":{"rendered":"Datenschutz"},"content":{"rendered":"\n<div style=\"height:2px\" aria-hidden=\"true\" class=\"wp-block-spacer\"><\/div>\n\n\n\n<div class=\"wp-block-group alignfull has-global-padding is-content-justification-center is-layout-constrained wp-container-core-group-is-layout-888b3e69 wp-block-group-is-layout-constrained\" style=\"margin-top:0;margin-bottom:0;padding-top:calc( 0.5 * var(u002du002dwpu002du002dstyleu002du002drootu002du002dpadding-right, var(u002du002dwpu002du002dcustomu002du002dgapu002du002dhorizontal)));padding-right:var(u002du002dwpu002du002dstyleu002du002drootu002du002dpadding-right, var(u002du002dwpu002du002dcustomu002du002dgapu002du002dhorizontal));padding-bottom:calc( 0.5 * var(u002du002dwpu002du002dstyleu002du002drootu002du002dpadding-right, var(u002du002dwpu002du002dcustomu002du002dgapu002du002dhorizontal)));padding-left:var(u002du002dwpu002du002dstyleu002du002drootu002du002dpadding-left, var(u002du002dwpu002du002dcustomu002du002dgapu002du002dhorizontal))\">\n<div class=\"wp-block-group alignwide has-global-padding is-layout-constrained wp-block-group-is-layout-constrained\">\n<div class=\"wp-block-columns alignfull is-layout-flex wp-container-core-columns-is-layout-177c5785 wp-block-columns-is-layout-flex\" style=\"padding-right:0;padding-left:0\">\n<div class=\"wp-block-column is-layout-flow wp-container-core-column-is-layout-1a0eff7f wp-block-column-is-layout-flow\" style=\"flex-basis:100%\">\n<div class=\"wp-block-columns is-layout-flex wp-container-core-columns-is-layout-28f84493 wp-block-columns-is-layout-flex\">\n<div class=\"wp-block-column is-layout-flow wp-block-column-is-layout-flow\" style=\"flex-basis:100%\">\n<h4 class=\"wp-block-heading\"><strong><strong>Website-Analyse mit Google Analytics:<\/strong><\/strong><\/h4>\n\n\n\n<p class=\"has-small-font-size\">Diese Website nutzt Google Analytics 4, einen Webanalyse-Dienst der Google LLC, nachdem die Einwilligung des Benutzers eingeholt wurde. Die zust\u00e4ndigen Stellen sind Google Ireland Limited, Google Building Gordon House, 4 Barrow St, Dublin, D04 E5W5, Irland, f\u00fcr Benutzer aus der EU\/EWR und der Schweiz. Google Analytics 4 praktiziert standardm\u00e4\u00dfig die IP-Anonymisierung, d.h., deine IP-Adresse wird sofort gek\u00fcrzt, wenn du mit dieser Website interagierst. Nur in seltenen F\u00e4llen wird deine vollst\u00e4ndige IP an einen in den USA basierten Google-Server \u00fcbertragen und dort gek\u00fcrzt. Google beteuert, dass die \u00fcber Google Analytics \u00fcbertragene IP niemals mit anderen Google-Daten kombiniert wird. Google Analytics 4 wird nur mit deiner Zustimmung \u00fcber das Cookie-Banner aktiviert und kann jederzeit \u00fcber die Cookie-Einstellungen r\u00fcckg\u00e4ngig gemacht werden.<br><br>Die verarbeiteten Daten umfassen: Nutzungsdaten wie Seitenaufrufe, Website-Interaktion, allgemeiner Standort und Besuchsdauer; und Kommunikationsdaten wie gek\u00fcrzte IP-Adressen, User-Agent, Spracheinstellungen und Bildschirmaufl\u00f6sung. Der Zweck dieser Datenverarbeitung besteht darin, dass Google in Ihrem Namen die Nutzung Ihrer Website auswertet, Berichte \u00fcber die Aktivit\u00e4ten zusammenstellt und die Leistung der Website analysiert. Diese Datenverarbeitung ist legal, basierend auf deiner Zustimmung gem\u00e4\u00df Art. 6 Abs. 1 S. 1 lit. a DSGVO und \u00a7 25 Abs. 1 S. 1 TDDDG.<br><br>Google Ireland Limited, Google LLC und Alphabet Inc sind die Empf\u00e4nger dieser Daten. Deine Website-Nutzungsinformationen werden in der Regel an einen Google-Server in den USA gesendet, eine Aktion, die durch den j\u00fcngsten Angemessenheitsbeschluss der Europ\u00e4ischen Kommission vom 10. Juli 2023 legitimiert wurde, der die Zertifizierung von Google LLC unter dem EU-US-Datenschutzschild anerkennt. In Bezug auf die Datenspeicherung wird jede Daten, die mit Cookies verkn\u00fcpft sind, automatisch nach einer bestimmten Zeit gel\u00f6scht, monatlich f\u00fcr Daten, die ihre Aufbewahrungsfrist erreicht haben, und maximal 2 Jahre f\u00fcr Google Analytics-Cookies.<br><br>F\u00fcr weitere Informationen zu den Nutzungsbedingungen von Google Analytics und zur Datenschutzrichtlinie von Google, besuchen Sie bitte {link}https:\/\/policies.google.com\/{link-ende} und {link}https:\/\/support.google.com\/analytics\/answer\/12017362{link-ende}.<\/p>\n\n\n\n<p class=\"has-small-font-size\">Google Analytics verwendet sog. &#8222;Cookies&#8220;, Textdateien, die auf dem Computer des Seitenbesuchers gespeichert werden und die eine Analyse der Benutzung der Website durch den Seitenbesucher erm\u00f6glichen. Die durch das Cookie erzeugten Informationen \u00fcber die Benutzung dieser Website durch den Seitenbesucher (einschlie\u00dflich der gek\u00fcrzten IP-Adresse) werden in der Regel an einen Server von Google \u00fcbertragen und dort gespeichert.<\/p>\n\n\n\n<p class=\"has-small-font-size\">Google Analytics wird ausschlie\u00dflich mit der Erweiterung &#8222;_anonymizeIp()&#8220; auf dieser Website verwendet. Diese Erweiterung stellt eine Anonymisierung der IP-Adresse durch K\u00fcrzung sicher und schlie\u00dft eine direkte Personenbeziehbarkeit aus. Durch die Erweiterung wird die IP-Adresse von Google innerhalb von Mitgliedstaaten der Europ\u00e4ischen Union oder in anderen Vertragsstaaten des Abkommens \u00fcber den Europ\u00e4ischen Wirtschaftsraum zuvor gek\u00fcrzt. Nur in Ausnahmef\u00e4llen wird die volle IP-Adresse an einen Server von Google in den USA \u00fcbertragen und dort gek\u00fcrzt. Die im Rahmen von Google Analytics von dem entsprechenden Browser \u00fcbermittelte IP-Adresse wird nicht mit anderen Daten von Google zusammengef\u00fchrt.<\/p>\n\n\n\n<p class=\"has-small-font-size\">Im Auftrag des Seitenbetreibers wird Google die anfallenden Informationen benutzen, um die Nutzung der Website auszuwerten, um Reports \u00fcber die Websiteaktivit\u00e4ten zusammenzustellen und um weitere mit der Websitenutzung und der Internetnutzung verbundene Dienstleistungen dem Seitenbetreiber gegen\u00fcber zu erbringen (Art. 6 Abs. 1 lit. f DSGVO). Das berechtigte Interesse an der Datenverarbeitung liegt in der Optimierung dieser Website, der Analyse der Benutzung der Website und der Anpassung der Inhalte. Die Interessen der Nutzer werden durch die Pseudonymisierung hinreichend gewahrt.<\/p>\n\n\n\n<p class=\"has-small-font-size\">Google LLC. ist nach dem sog. Privacy Shield zertifiziert (Listeneintrag <a href=\"https:\/\/www.privacyshield.gov\/participant?id=a2zt000000001L5AAI\" target=\"_blank\" rel=\"noreferrer noopener\">hier<\/a>) und gew\u00e4hrleistet auf dieser Basis ein angemessenes Datenschutzniveau. Die gesendeten und mit Cookies, Nutzerkennungen (z. B. User-ID) oder Werbe-IDs verkn\u00fcpften Daten werden nach 50 Monaten automatisch gel\u00f6scht. Die L\u00f6schung von Daten, deren Aufbewahrungsdauer erreicht ist, erfolgt automatisch einmal im Monat.<\/p>\n\n\n\n<p class=\"has-small-font-size\">Die Erfassung durch Google Analytics kann verhindert werden, indem der Seitenbesucher die Cookie-Einstellungen f\u00fcr diese Website anpasst. Der Erfassung und Speicherung der IP-Adresse und der durch Cookies erzeugten Daten kann au\u00dferdem jederzeit mit Wirkung f\u00fcr die Zukunft widersprochen werden. Das entsprechende Browser- Plugin kann unter dem folgenden Link heruntergeladen und installiert werden: <a href=\"http:\/\/tools.google.com\/dlpage\/gaoptout\" target=\"_blank\" rel=\"noreferrer noopener\">https:\/\/tools.google.com\/dlpage\/gaoptout<\/a>.<\/p>\n\n\n\n<p class=\"has-small-font-size\">Der Seitenbesucher kann die Erfassung durch Google Analytics auf dieser Webseite verhindern, indem er auf folgenden <a href=\"gaOptOut([&quot;UA-55985427-2&quot;]);\">Link<\/a> klickt. Es wird ein Opt-Out-Cookie gesetzt, der die zuk\u00fcnftige Erfassung der Daten beim Besuch dieser Website verhindert.<\/p>\n\n\n\n<p class=\"has-small-font-size\">Weitere Informationen zur Datennutzung durch Google, Einstellungs- und Widerspruchsm\u00f6glichkeiten, finden sich in der Datenschutzerkl\u00e4rung von Google (<a href=\"https:\/\/policies.google.com\/privacy\" target=\"_blank\" rel=\"noreferrer noopener\">https:\/\/policies.google.com\/privacy<\/a>) sowie in den Einstellungen f\u00fcr die Darstellung von Werbeeinblendungen durch Google (<a href=\"https:\/\/adssettings.google.com\/authenticated\" target=\"_blank\" rel=\"noreferrer noopener\">https:\/\/adssettings.google.com\/authenticated<\/a>).<\/p>\n<\/div>\n<\/div>\n<\/div>\n<\/div>\n<\/div>\n<\/div>\n\n\n\n<p><\/p>\n","protected":false},"excerpt":{"rendered":"<p>Website-Analyse mit Google Analytics: Diese Website nutzt Google Analytics 4, einen Webanalyse-Dienst der Google LLC, nachdem die Einwilligung des Benutzers eingeholt wurde. Die zust\u00e4ndigen Stellen sind Google Ireland Limited, Google Building Gordon House, 4 Barrow St, Dublin, D04 E5W5, Irland, f\u00fcr Benutzer aus der EU\/EWR und der Schweiz. Google Analytics 4 praktiziert standardm\u00e4\u00dfig die IP-Anonymisierung, [&hellip;]<\/p>\n","protected":false},"author":1,"featured_media":0,"parent":0,"menu_order":0,"comment_status":"closed","ping_status":"closed","template":"","meta":{"footnotes":""},"class_list":["post-949","page","type-page","status-publish","hentry"],"_links":{"self":[{"href":"https:\/\/www.uttc-mattsee.at\/wp2\/wp-json\/wp\/v2\/pages\/949","targetHints":{"allow":["GET"]}}],"collection":[{"href":"https:\/\/www.uttc-mattsee.at\/wp2\/wp-json\/wp\/v2\/pages"}],"about":[{"href":"https:\/\/www.uttc-mattsee.at\/wp2\/wp-json\/wp\/v2\/types\/page"}],"author":[{"embeddable":true,"href":"https:\/\/www.uttc-mattsee.at\/wp2\/wp-json\/wp\/v2\/users\/1"}],"replies":[{"embeddable":true,"href":"https:\/\/www.uttc-mattsee.at\/wp2\/wp-json\/wp\/v2\/comments?post=949"}],"version-history":[{"count":1,"href":"https:\/\/www.uttc-mattsee.at\/wp2\/wp-json\/wp\/v2\/pages\/949\/revisions"}],"predecessor-version":[{"id":4542,"href":"https:\/\/www.uttc-mattsee.at\/wp2\/wp-json\/wp\/v2\/pages\/949\/revisions\/4542"}],"wp:attachment":[{"href":"https:\/\/www.uttc-mattsee.at\/wp2\/wp-json\/wp\/v2\/media?parent=949"}],"curies":[{"name":"wp","href":"https:\/\/api.w.org\/{rel}","templated":true}]}}